{"id":64,"date":"2025-03-07T15:07:02","date_gmt":"2025-03-07T18:07:02","guid":{"rendered":"https:\/\/iconico.uy\/?post_type=product&#038;p=64"},"modified":"2026-02-18T19:49:49","modified_gmt":"2026-02-18T22:49:49","slug":"alfiletero-en-madera","status":"publish","type":"product","link":"https:\/\/iconico.uy\/index.php\/producto\/alfiletero-en-madera\/","title":{"rendered":"Alfiletero en Madera"},"content":{"rendered":"<p data-start=\"29\" data-end=\"124\"><strong data-start=\"29\" data-end=\"122\">Alfiletero \u00abBarquito\u00bb \u2013 Un cl\u00e1sico imprescindible para amantes de la costura y el bordado<\/strong><\/p>\n<p data-start=\"126\" data-end=\"605\">En el mundo de la costura y el bordado, cada detalle cuenta, y el <strong data-start=\"192\" data-end=\"217\">alfiletero \u00abbarquito\u00bb<\/strong> es la prueba de ello. Con su dise\u00f1o exclusivo y elegante, este alfiletero ha conquistado a quienes ya lo tienen, convirti\u00e9ndose en un <strong data-start=\"352\" data-end=\"398\">infaltable en cualquier espacio de trabajo<\/strong> . Su forma, que inspira su apodo cari\u00f1oso, no solo lo hace est\u00e9ticamente funcional, sino tambi\u00e9n <strong data-start=\"496\" data-end=\"522\">ergon\u00f3mico<\/strong> , permitiendo un acceso c\u00f3modo y seguro a tus alfileres y agujas en todo momento.<\/p>\n<p data-start=\"607\" data-end=\"913\">Siguiendo la filosof\u00eda de <strong data-start=\"633\" data-end=\"641\">Mal\u00fa<\/strong> , el \u00abbarquito\u00bb est\u00e1 construido con <strong data-start=\"677\" data-end=\"713\">materiales nobles y sustentables<\/strong> , bajo la premisa de dar nueva vida a la madera. Su <strong data-start=\"765\" data-end=\"790\">acabado mate lustrado<\/strong> resalta la calidez y la textura natural, ofreciendo un equilibrio perfecto entre dise\u00f1o, calidad y compromiso ecol\u00f3gico.<\/p>\n<p data-start=\"915\" data-end=\"1085\">Tanto si eres aficionado como profesional, este alfiletero ser\u00e1 tu mejor aliado en cada proyecto. <strong data-start=\"1013\" data-end=\"1083\">Un peque\u00f1o gran compa\u00f1ero que marca la diferencia en cada puntada.<\/strong><\/p>\n","protected":false},"excerpt":{"rendered":"<p data-start=\"1123\" data-end=\"1187\"><strong data-start=\"1125\" data-end=\"1183\">Alfiletero \u00abBarquito\u00bb \u2013 Dise\u00f1o exclusivo y sustentable<\/strong><\/p>\n<p data-start=\"1189\" data-end=\"1490\" data-is-last-node=\"\" data-is-only-node=\"\">M\u00e1s que un alfiletero, un \u00edcono. Con su dise\u00f1o elegante y funcional, el <strong data-start=\"1261\" data-end=\"1275\">\u00abbarquito\u00bb<\/strong> se ha ganado un lugar especial entre bordadores y costureros. Fabricado en <strong data-start=\"1351\" data-end=\"1373\">madera sustentable<\/strong> y con un <strong data-start=\"1383\" data-end=\"1408\">acabado mate lustrado<\/strong> , combina est\u00e9tica y practicidad. Un infaltable para quienes aman la costura. \ud83e\uddf5\ud83c\udf3f<\/p>\n","protected":false},"featured_media":66,"comment_status":"open","ping_status":"closed","template":"","meta":{"_et_pb_use_builder":"","_et_pb_old_content":"","_et_gb_content_width":"","jetpack_publicize_message":"","jetpack_publicize_feature_enabled":true,"jetpack_social_post_already_shared":false,"jetpack_social_options":{"image_generator_settings":{"template":"highway","default_image_id":0,"font":"","enabled":false},"version":2}},"product_brand":[20],"product_cat":[18],"product_tag":[19],"class_list":{"0":"post-64","1":"product","2":"type-product","3":"status-publish","4":"has-post-thumbnail","6":"product_brand-by-malu","7":"product_cat-productos-malu","8":"product_tag-by-malu","10":"first","11":"instock","12":"featured","13":"shipping-taxable","14":"purchasable","15":"product-type-simple"},"yoast_head":"<!-- This site is optimized with the Yoast SEO plugin v27.1.1 - https:\/\/yoast.com\/product\/yoast-seo-wordpress\/ -->\n<title>Ic\u00f3nico Tienda de productos y Servivios<\/title>\n<meta name=\"description\" content=\"Con su dise\u00f1o exclusivo y elegante, este alfiletero ha conquistado a quienes ya lo tienen, convirti\u00e9ndose en un infaltable en cualquier espacio de trabajo\" \/>\n<meta name=\"robots\" content=\"index, follow, max-snippet:-1, max-image-preview:large, max-video-preview:-1\" \/>\n<link rel=\"canonical\" href=\"https:\/\/iconico.uy\/index.php\/producto\/alfiletero-en-madera\/\" \/>\n<meta property=\"og:locale\" content=\"es_ES\" \/>\n<meta property=\"og:type\" content=\"article\" \/>\n<meta property=\"og:title\" content=\"Ic\u00f3nico Tienda de productos y Servivios\" \/>\n<meta property=\"og:description\" content=\"Con su dise\u00f1o exclusivo y elegante, este alfiletero ha conquistado a quienes ya lo tienen, convirti\u00e9ndose en un infaltable en cualquier espacio de trabajo\" \/>\n<meta property=\"og:url\" content=\"https:\/\/iconico.uy\/index.php\/producto\/alfiletero-en-madera\/\" \/>\n<meta property=\"og:site_name\" content=\"Ic\u00f3nico Tienda de productos y Servivios\" \/>\n<meta property=\"article:modified_time\" content=\"2026-02-18T22:49:49+00:00\" \/>\n<meta property=\"og:image\" content=\"https:\/\/iconico.uy\/wp-content\/uploads\/2025\/03\/WhatsApp-Image-2025-03-05-at-11.55.33.jpeg\" \/>\n\t<meta property=\"og:image:width\" content=\"1200\" \/>\n\t<meta property=\"og:image:height\" content=\"1600\" \/>\n\t<meta property=\"og:image:type\" content=\"image\/jpeg\" \/>\n<meta name=\"twitter:card\" content=\"summary_large_image\" \/>\n<meta name=\"twitter:label1\" content=\"Tiempo de lectura\" \/>\n\t<meta name=\"twitter:data1\" content=\"1 minuto\" \/>\n<script type=\"application\/ld+json\" class=\"yoast-schema-graph\">{\"@context\":\"https:\/\/schema.org\",\"@graph\":[{\"@type\":\"WebPage\",\"@id\":\"https:\/\/iconico.uy\/index.php\/producto\/alfiletero-en-madera\/\",\"url\":\"https:\/\/iconico.uy\/index.php\/producto\/alfiletero-en-madera\/\",\"name\":\"Ic\u00f3nico Tienda de productos y Servivios\",\"isPartOf\":{\"@id\":\"https:\/\/iconico.uy\/#website\"},\"primaryImageOfPage\":{\"@id\":\"https:\/\/iconico.uy\/index.php\/producto\/alfiletero-en-madera\/#primaryimage\"},\"image\":{\"@id\":\"https:\/\/iconico.uy\/index.php\/producto\/alfiletero-en-madera\/#primaryimage\"},\"thumbnailUrl\":\"https:\/\/iconico.uy\/wp-content\/uploads\/2025\/03\/WhatsApp-Image-2025-03-05-at-11.55.33.jpeg\",\"datePublished\":\"2025-03-07T18:07:02+00:00\",\"dateModified\":\"2026-02-18T22:49:49+00:00\",\"description\":\"Con su dise\u00f1o exclusivo y elegante, este alfiletero ha conquistado a quienes ya lo tienen, convirti\u00e9ndose en un infaltable en cualquier espacio de trabajo\",\"breadcrumb\":{\"@id\":\"https:\/\/iconico.uy\/index.php\/producto\/alfiletero-en-madera\/#breadcrumb\"},\"inLanguage\":\"es\",\"potentialAction\":[{\"@type\":\"ReadAction\",\"target\":[\"https:\/\/iconico.uy\/index.php\/producto\/alfiletero-en-madera\/\"]}]},{\"@type\":\"ImageObject\",\"inLanguage\":\"es\",\"@id\":\"https:\/\/iconico.uy\/index.php\/producto\/alfiletero-en-madera\/#primaryimage\",\"url\":\"https:\/\/iconico.uy\/wp-content\/uploads\/2025\/03\/WhatsApp-Image-2025-03-05-at-11.55.33.jpeg\",\"contentUrl\":\"https:\/\/iconico.uy\/wp-content\/uploads\/2025\/03\/WhatsApp-Image-2025-03-05-at-11.55.33.jpeg\",\"width\":1200,\"height\":1600,\"caption\":\"Alfiletero \\\"Barquito\\\"\"},{\"@type\":\"BreadcrumbList\",\"@id\":\"https:\/\/iconico.uy\/index.php\/producto\/alfiletero-en-madera\/#breadcrumb\",\"itemListElement\":[{\"@type\":\"ListItem\",\"position\":1,\"name\":\"Portada\",\"item\":\"https:\/\/iconico.uy\/\"},{\"@type\":\"ListItem\",\"position\":2,\"name\":\"Tienda\",\"item\":\"https:\/\/iconico.uy\/index.php\/tienda\/\"},{\"@type\":\"ListItem\",\"position\":3,\"name\":\"Alfiletero en Madera\"}]},{\"@type\":\"WebSite\",\"@id\":\"https:\/\/iconico.uy\/#website\",\"url\":\"https:\/\/iconico.uy\/\",\"name\":\"Ic\u00f3nico Home&Deco y Servicios\",\"description\":\"Tienda de productos de artesan\u00eda, decoraci\u00f3n, de variado inter\u00e9s y de servicios para el hogar\",\"publisher\":{\"@id\":\"https:\/\/iconico.uy\/#organization\"},\"alternateName\":\"Ic\u00f3nico byUy\",\"potentialAction\":[{\"@type\":\"SearchAction\",\"target\":{\"@type\":\"EntryPoint\",\"urlTemplate\":\"https:\/\/iconico.uy\/?s={search_term_string}\"},\"query-input\":{\"@type\":\"PropertyValueSpecification\",\"valueRequired\":true,\"valueName\":\"search_term_string\"}}],\"inLanguage\":\"es\"},{\"@type\":\"Organization\",\"@id\":\"https:\/\/iconico.uy\/#organization\",\"name\":\"Ic\u00f3nico by Uy\",\"url\":\"https:\/\/iconico.uy\/\",\"logo\":{\"@type\":\"ImageObject\",\"inLanguage\":\"es\",\"@id\":\"https:\/\/iconico.uy\/#\/schema\/logo\/image\/\",\"url\":\"https:\/\/iconico.uy\/wp-content\/uploads\/2025\/03\/Logo-P3-iconico.png\",\"contentUrl\":\"https:\/\/iconico.uy\/wp-content\/uploads\/2025\/03\/Logo-P3-iconico.png\",\"width\":1708,\"height\":560,\"caption\":\"Ic\u00f3nico by Uy\"},\"image\":{\"@id\":\"https:\/\/iconico.uy\/#\/schema\/logo\/image\/\"},\"sameAs\":[\"https:\/\/www.instagram.com\/iconicouy\"]}]}<\/script>\n<!-- \/ Yoast SEO plugin. -->","yoast_head_json":{"title":"Ic\u00f3nico Tienda de productos y Servivios","description":"Con su dise\u00f1o exclusivo y elegante, este alfiletero ha conquistado a quienes ya lo tienen, convirti\u00e9ndose en un infaltable en cualquier espacio de trabajo","robots":{"index":"index","follow":"follow","max-snippet":"max-snippet:-1","max-image-preview":"max-image-preview:large","max-video-preview":"max-video-preview:-1"},"canonical":"https:\/\/iconico.uy\/index.php\/producto\/alfiletero-en-madera\/","og_locale":"es_ES","og_type":"article","og_title":"Ic\u00f3nico Tienda de productos y Servivios","og_description":"Con su dise\u00f1o exclusivo y elegante, este alfiletero ha conquistado a quienes ya lo tienen, convirti\u00e9ndose en un infaltable en cualquier espacio de trabajo","og_url":"https:\/\/iconico.uy\/index.php\/producto\/alfiletero-en-madera\/","og_site_name":"Ic\u00f3nico Tienda de productos y Servivios","article_modified_time":"2026-02-18T22:49:49+00:00","og_image":[{"width":1200,"height":1600,"url":"https:\/\/iconico.uy\/wp-content\/uploads\/2025\/03\/WhatsApp-Image-2025-03-05-at-11.55.33.jpeg","type":"image\/jpeg"}],"twitter_card":"summary_large_image","twitter_misc":{"Tiempo de lectura":"1 minuto"},"schema":{"@context":"https:\/\/schema.org","@graph":[{"@type":"WebPage","@id":"https:\/\/iconico.uy\/index.php\/producto\/alfiletero-en-madera\/","url":"https:\/\/iconico.uy\/index.php\/producto\/alfiletero-en-madera\/","name":"Ic\u00f3nico Tienda de productos y Servivios","isPartOf":{"@id":"https:\/\/iconico.uy\/#website"},"primaryImageOfPage":{"@id":"https:\/\/iconico.uy\/index.php\/producto\/alfiletero-en-madera\/#primaryimage"},"image":{"@id":"https:\/\/iconico.uy\/index.php\/producto\/alfiletero-en-madera\/#primaryimage"},"thumbnailUrl":"https:\/\/iconico.uy\/wp-content\/uploads\/2025\/03\/WhatsApp-Image-2025-03-05-at-11.55.33.jpeg","datePublished":"2025-03-07T18:07:02+00:00","dateModified":"2026-02-18T22:49:49+00:00","description":"Con su dise\u00f1o exclusivo y elegante, este alfiletero ha conquistado a quienes ya lo tienen, convirti\u00e9ndose en un infaltable en cualquier espacio de trabajo","breadcrumb":{"@id":"https:\/\/iconico.uy\/index.php\/producto\/alfiletero-en-madera\/#breadcrumb"},"inLanguage":"es","potentialAction":[{"@type":"ReadAction","target":["https:\/\/iconico.uy\/index.php\/producto\/alfiletero-en-madera\/"]}]},{"@type":"ImageObject","inLanguage":"es","@id":"https:\/\/iconico.uy\/index.php\/producto\/alfiletero-en-madera\/#primaryimage","url":"https:\/\/iconico.uy\/wp-content\/uploads\/2025\/03\/WhatsApp-Image-2025-03-05-at-11.55.33.jpeg","contentUrl":"https:\/\/iconico.uy\/wp-content\/uploads\/2025\/03\/WhatsApp-Image-2025-03-05-at-11.55.33.jpeg","width":1200,"height":1600,"caption":"Alfiletero \"Barquito\""},{"@type":"BreadcrumbList","@id":"https:\/\/iconico.uy\/index.php\/producto\/alfiletero-en-madera\/#breadcrumb","itemListElement":[{"@type":"ListItem","position":1,"name":"Portada","item":"https:\/\/iconico.uy\/"},{"@type":"ListItem","position":2,"name":"Tienda","item":"https:\/\/iconico.uy\/index.php\/tienda\/"},{"@type":"ListItem","position":3,"name":"Alfiletero en Madera"}]},{"@type":"WebSite","@id":"https:\/\/iconico.uy\/#website","url":"https:\/\/iconico.uy\/","name":"Ic\u00f3nico Home&Deco y Servicios","description":"Tienda de productos de artesan\u00eda, decoraci\u00f3n, de variado inter\u00e9s y de servicios para el hogar","publisher":{"@id":"https:\/\/iconico.uy\/#organization"},"alternateName":"Ic\u00f3nico byUy","potentialAction":[{"@type":"SearchAction","target":{"@type":"EntryPoint","urlTemplate":"https:\/\/iconico.uy\/?s={search_term_string}"},"query-input":{"@type":"PropertyValueSpecification","valueRequired":true,"valueName":"search_term_string"}}],"inLanguage":"es"},{"@type":"Organization","@id":"https:\/\/iconico.uy\/#organization","name":"Ic\u00f3nico by Uy","url":"https:\/\/iconico.uy\/","logo":{"@type":"ImageObject","inLanguage":"es","@id":"https:\/\/iconico.uy\/#\/schema\/logo\/image\/","url":"https:\/\/iconico.uy\/wp-content\/uploads\/2025\/03\/Logo-P3-iconico.png","contentUrl":"https:\/\/iconico.uy\/wp-content\/uploads\/2025\/03\/Logo-P3-iconico.png","width":1708,"height":560,"caption":"Ic\u00f3nico by Uy"},"image":{"@id":"https:\/\/iconico.uy\/#\/schema\/logo\/image\/"},"sameAs":["https:\/\/www.instagram.com\/iconicouy"]}]}},"jetpack_publicize_connections":[],"jetpack_sharing_enabled":true,"_links":{"self":[{"href":"https:\/\/iconico.uy\/index.php\/wp-json\/wp\/v2\/product\/64","targetHints":{"allow":["GET"]}}],"collection":[{"href":"https:\/\/iconico.uy\/index.php\/wp-json\/wp\/v2\/product"}],"about":[{"href":"https:\/\/iconico.uy\/index.php\/wp-json\/wp\/v2\/types\/product"}],"replies":[{"embeddable":true,"href":"https:\/\/iconico.uy\/index.php\/wp-json\/wp\/v2\/comments?post=64"}],"wp:featuredmedia":[{"embeddable":true,"href":"https:\/\/iconico.uy\/index.php\/wp-json\/wp\/v2\/media\/66"}],"wp:attachment":[{"href":"https:\/\/iconico.uy\/index.php\/wp-json\/wp\/v2\/media?parent=64"}],"wp:term":[{"taxonomy":"product_brand","embeddable":true,"href":"https:\/\/iconico.uy\/index.php\/wp-json\/wp\/v2\/product_brand?post=64"},{"taxonomy":"product_cat","embeddable":true,"href":"https:\/\/iconico.uy\/index.php\/wp-json\/wp\/v2\/product_cat?post=64"},{"taxonomy":"product_tag","embeddable":true,"href":"https:\/\/iconico.uy\/index.php\/wp-json\/wp\/v2\/product_tag?post=64"}],"curies":[{"name":"wp","href":"https:\/\/api.w.org\/{rel}","templated":true}]}}