{"id":55,"date":"2025-03-07T14:27:46","date_gmt":"2025-03-07T14:27:46","guid":{"rendered":"https:\/\/iconico.uy\/?post_type=product&#038;p=55"},"modified":"2026-02-15T14:59:06","modified_gmt":"2026-02-15T17:59:06","slug":"portabastidor","status":"publish","type":"product","link":"https:\/\/iconico.uy\/index.php\/producto\/portabastidor\/","title":{"rendered":"Portabastidor"},"content":{"rendered":"<p data-start=\"137\" data-end=\"447\">Si bordar es tu pasi\u00f3n, \u00a1te presentamos el \u00abp<strong data-start=\"180\" data-end=\"194\">ortabasti\u00bb.<\/strong>\u00a0Un brazo articulado dise\u00f1ado con la ayuda de bordadores expertos para brindarte <strong data-start=\"276\" data-end=\"296\">la m\u00e1xima comodidad<\/strong> mientras trabajas en tus creaciones. Ajustable en distintas posiciones, se adapta a tu forma de bordado para que disfrutes cada puntada.<\/p>\n<p data-start=\"449\" data-end=\"689\">Fabricado en <strong data-start=\"462\" data-end=\"495\">madera reciclada<\/strong>, este portabastidor combina <strong data-start=\"524\" data-end=\"571\">calidad, resistencia y compromiso ecol\u00f3gico<\/strong> . Disponible en varios colores, es el compa\u00f1ero ideal para cualquier bordador\/a que valore la comodidad y el dise\u00f1o.<\/p>\n<p data-start=\"691\" data-end=\"891\">Forma parte del cat\u00e1logo de <strong data-start=\"719\" data-end=\"727\">Mal\u00fa<\/strong> , una marca reconocida por su excelencia en productos y procesos sostenibles, que hacen de sus creaciones objetos atesorables.<\/p>\n<p data-start=\"691\" data-end=\"891\">\u00a1Haz que tu experiencia de bordado sea a\u00fan m\u00e1s placentera con p<strong data-start=\"870\" data-end=\"884\">ortabasti<\/strong> !<\/p>\n","protected":false},"excerpt":{"rendered":"<p data-start=\"0\" data-end=\"68\"><strong data-start=\"0\" data-end=\"66\">Comodidad y precisi\u00f3n para bordar<\/strong><\/p>\n<p data-start=\"70\" data-end=\"416\" data-is-last-node=\"\" data-is-only-node=\"\">Dise\u00f1ado con expertos, el <strong data-start=\"96\" data-end=\"110\">Portabasti<\/strong> es un brazo articulado que se ajusta a tu comodidad para bordar sin esfuerzo. Hecho en <strong data-start=\"198\" data-end=\"219\">madera sostenible<\/strong> , es resistente, ecol\u00f3gico y disponible en varios colores. Un <strong data-start=\"281\" data-end=\"310\">\u00edcono entre bordadores\/as<\/strong> , parte del cat\u00e1logo de <strong data-start=\"334\" data-end=\"342\">Mal\u00fa<\/strong> , sin\u00f3nimo de calidad y cuidado. \u00a1Lleva tu bordado al siguiente nivel!<\/p>\n","protected":false},"featured_media":56,"comment_status":"open","ping_status":"closed","template":"","meta":{"_et_pb_use_builder":"","_et_pb_old_content":"","_et_gb_content_width":"","jetpack_publicize_message":"","jetpack_publicize_feature_enabled":true,"jetpack_social_post_already_shared":false,"jetpack_social_options":{"image_generator_settings":{"template":"highway","default_image_id":0,"font":"","enabled":false},"version":2}},"product_brand":[],"product_cat":[18],"product_tag":[19],"class_list":{"0":"post-55","1":"product","2":"type-product","3":"status-publish","4":"has-post-thumbnail","6":"product_cat-productos-malu","7":"product_tag-by-malu","9":"first","10":"instock","11":"shipping-taxable","12":"purchasable","13":"product-type-simple"},"yoast_head":"<!-- This site is optimized with the Yoast SEO plugin v27.1.1 - https:\/\/yoast.com\/product\/yoast-seo-wordpress\/ -->\n<title>Ic\u00f3nico Tienda de productos y Servivios<\/title>\n<meta name=\"description\" content=\"Si bordar es tu pasi\u00f3n, \u00a1te presentamos &quot;portabasti&quot;.\u00a0Un brazo articulado dise\u00f1ado con la ayuda de bordadores expertos para brindarte la mayor comodidad\" \/>\n<meta name=\"robots\" content=\"index, follow, max-snippet:-1, max-image-preview:large, max-video-preview:-1\" \/>\n<link rel=\"canonical\" href=\"https:\/\/iconico.uy\/index.php\/producto\/portabastidor\/\" \/>\n<meta property=\"og:locale\" content=\"es_ES\" \/>\n<meta property=\"og:type\" content=\"article\" \/>\n<meta property=\"og:title\" content=\"Ic\u00f3nico Tienda de productos y Servivios\" \/>\n<meta property=\"og:description\" content=\"Si bordar es tu pasi\u00f3n, \u00a1te presentamos &quot;portabasti&quot;.\u00a0Un brazo articulado dise\u00f1ado con la ayuda de bordadores expertos para brindarte la mayor comodidad\" \/>\n<meta property=\"og:url\" content=\"https:\/\/iconico.uy\/index.php\/producto\/portabastidor\/\" \/>\n<meta property=\"og:site_name\" content=\"Ic\u00f3nico Tienda de productos y Servivios\" \/>\n<meta property=\"article:modified_time\" content=\"2026-02-15T17:59:06+00:00\" \/>\n<meta property=\"og:image\" content=\"https:\/\/iconico.uy\/wp-content\/uploads\/2025\/03\/WhatsApp-Image-2025-03-05-at-11.52.15.jpeg\" \/>\n\t<meta property=\"og:image:width\" content=\"1600\" \/>\n\t<meta property=\"og:image:height\" content=\"1066\" \/>\n\t<meta property=\"og:image:type\" content=\"image\/jpeg\" \/>\n<meta name=\"twitter:card\" content=\"summary_large_image\" \/>\n<meta name=\"twitter:label1\" content=\"Tiempo de lectura\" \/>\n\t<meta name=\"twitter:data1\" content=\"1 minuto\" \/>\n<script type=\"application\/ld+json\" class=\"yoast-schema-graph\">{\"@context\":\"https:\/\/schema.org\",\"@graph\":[{\"@type\":\"WebPage\",\"@id\":\"https:\/\/iconico.uy\/index.php\/producto\/portabastidor\/\",\"url\":\"https:\/\/iconico.uy\/index.php\/producto\/portabastidor\/\",\"name\":\"Ic\u00f3nico Tienda de productos y Servivios\",\"isPartOf\":{\"@id\":\"https:\/\/iconico.uy\/#website\"},\"primaryImageOfPage\":{\"@id\":\"https:\/\/iconico.uy\/index.php\/producto\/portabastidor\/#primaryimage\"},\"image\":{\"@id\":\"https:\/\/iconico.uy\/index.php\/producto\/portabastidor\/#primaryimage\"},\"thumbnailUrl\":\"https:\/\/iconico.uy\/wp-content\/uploads\/2025\/03\/WhatsApp-Image-2025-03-05-at-11.52.15.jpeg\",\"datePublished\":\"2025-03-07T14:27:46+00:00\",\"dateModified\":\"2026-02-15T17:59:06+00:00\",\"description\":\"Si bordar es tu pasi\u00f3n, \u00a1te presentamos \\\"portabasti\\\".\u00a0Un brazo articulado dise\u00f1ado con la ayuda de bordadores expertos para brindarte la mayor comodidad\",\"breadcrumb\":{\"@id\":\"https:\/\/iconico.uy\/index.php\/producto\/portabastidor\/#breadcrumb\"},\"inLanguage\":\"es\",\"potentialAction\":[{\"@type\":\"ReadAction\",\"target\":[\"https:\/\/iconico.uy\/index.php\/producto\/portabastidor\/\"]}]},{\"@type\":\"ImageObject\",\"inLanguage\":\"es\",\"@id\":\"https:\/\/iconico.uy\/index.php\/producto\/portabastidor\/#primaryimage\",\"url\":\"https:\/\/iconico.uy\/wp-content\/uploads\/2025\/03\/WhatsApp-Image-2025-03-05-at-11.52.15.jpeg\",\"contentUrl\":\"https:\/\/iconico.uy\/wp-content\/uploads\/2025\/03\/WhatsApp-Image-2025-03-05-at-11.52.15.jpeg\",\"width\":1600,\"height\":1066,\"caption\":\"portabasti\"},{\"@type\":\"BreadcrumbList\",\"@id\":\"https:\/\/iconico.uy\/index.php\/producto\/portabastidor\/#breadcrumb\",\"itemListElement\":[{\"@type\":\"ListItem\",\"position\":1,\"name\":\"Portada\",\"item\":\"https:\/\/iconico.uy\/\"},{\"@type\":\"ListItem\",\"position\":2,\"name\":\"Tienda\",\"item\":\"https:\/\/iconico.uy\/index.php\/tienda\/\"},{\"@type\":\"ListItem\",\"position\":3,\"name\":\"Portabastidor\"}]},{\"@type\":\"WebSite\",\"@id\":\"https:\/\/iconico.uy\/#website\",\"url\":\"https:\/\/iconico.uy\/\",\"name\":\"Ic\u00f3nico Home&Deco y Servicios\",\"description\":\"Tienda de productos de artesan\u00eda, decoraci\u00f3n, de variado inter\u00e9s y de servicios para el hogar\",\"publisher\":{\"@id\":\"https:\/\/iconico.uy\/#organization\"},\"alternateName\":\"Ic\u00f3nico byUy\",\"potentialAction\":[{\"@type\":\"SearchAction\",\"target\":{\"@type\":\"EntryPoint\",\"urlTemplate\":\"https:\/\/iconico.uy\/?s={search_term_string}\"},\"query-input\":{\"@type\":\"PropertyValueSpecification\",\"valueRequired\":true,\"valueName\":\"search_term_string\"}}],\"inLanguage\":\"es\"},{\"@type\":\"Organization\",\"@id\":\"https:\/\/iconico.uy\/#organization\",\"name\":\"Ic\u00f3nico by Uy\",\"url\":\"https:\/\/iconico.uy\/\",\"logo\":{\"@type\":\"ImageObject\",\"inLanguage\":\"es\",\"@id\":\"https:\/\/iconico.uy\/#\/schema\/logo\/image\/\",\"url\":\"https:\/\/iconico.uy\/wp-content\/uploads\/2025\/03\/Logo-P3-iconico.png\",\"contentUrl\":\"https:\/\/iconico.uy\/wp-content\/uploads\/2025\/03\/Logo-P3-iconico.png\",\"width\":1708,\"height\":560,\"caption\":\"Ic\u00f3nico by Uy\"},\"image\":{\"@id\":\"https:\/\/iconico.uy\/#\/schema\/logo\/image\/\"},\"sameAs\":[\"https:\/\/www.instagram.com\/iconicouy\"]}]}<\/script>\n<!-- \/ Yoast SEO plugin. -->","yoast_head_json":{"title":"Ic\u00f3nico Tienda de productos y Servivios","description":"Si bordar es tu pasi\u00f3n, \u00a1te presentamos \"portabasti\".\u00a0Un brazo articulado dise\u00f1ado con la ayuda de bordadores expertos para brindarte la mayor comodidad","robots":{"index":"index","follow":"follow","max-snippet":"max-snippet:-1","max-image-preview":"max-image-preview:large","max-video-preview":"max-video-preview:-1"},"canonical":"https:\/\/iconico.uy\/index.php\/producto\/portabastidor\/","og_locale":"es_ES","og_type":"article","og_title":"Ic\u00f3nico Tienda de productos y Servivios","og_description":"Si bordar es tu pasi\u00f3n, \u00a1te presentamos \"portabasti\".\u00a0Un brazo articulado dise\u00f1ado con la ayuda de bordadores expertos para brindarte la mayor comodidad","og_url":"https:\/\/iconico.uy\/index.php\/producto\/portabastidor\/","og_site_name":"Ic\u00f3nico Tienda de productos y Servivios","article_modified_time":"2026-02-15T17:59:06+00:00","og_image":[{"width":1600,"height":1066,"url":"https:\/\/iconico.uy\/wp-content\/uploads\/2025\/03\/WhatsApp-Image-2025-03-05-at-11.52.15.jpeg","type":"image\/jpeg"}],"twitter_card":"summary_large_image","twitter_misc":{"Tiempo de lectura":"1 minuto"},"schema":{"@context":"https:\/\/schema.org","@graph":[{"@type":"WebPage","@id":"https:\/\/iconico.uy\/index.php\/producto\/portabastidor\/","url":"https:\/\/iconico.uy\/index.php\/producto\/portabastidor\/","name":"Ic\u00f3nico Tienda de productos y Servivios","isPartOf":{"@id":"https:\/\/iconico.uy\/#website"},"primaryImageOfPage":{"@id":"https:\/\/iconico.uy\/index.php\/producto\/portabastidor\/#primaryimage"},"image":{"@id":"https:\/\/iconico.uy\/index.php\/producto\/portabastidor\/#primaryimage"},"thumbnailUrl":"https:\/\/iconico.uy\/wp-content\/uploads\/2025\/03\/WhatsApp-Image-2025-03-05-at-11.52.15.jpeg","datePublished":"2025-03-07T14:27:46+00:00","dateModified":"2026-02-15T17:59:06+00:00","description":"Si bordar es tu pasi\u00f3n, \u00a1te presentamos \"portabasti\".\u00a0Un brazo articulado dise\u00f1ado con la ayuda de bordadores expertos para brindarte la mayor comodidad","breadcrumb":{"@id":"https:\/\/iconico.uy\/index.php\/producto\/portabastidor\/#breadcrumb"},"inLanguage":"es","potentialAction":[{"@type":"ReadAction","target":["https:\/\/iconico.uy\/index.php\/producto\/portabastidor\/"]}]},{"@type":"ImageObject","inLanguage":"es","@id":"https:\/\/iconico.uy\/index.php\/producto\/portabastidor\/#primaryimage","url":"https:\/\/iconico.uy\/wp-content\/uploads\/2025\/03\/WhatsApp-Image-2025-03-05-at-11.52.15.jpeg","contentUrl":"https:\/\/iconico.uy\/wp-content\/uploads\/2025\/03\/WhatsApp-Image-2025-03-05-at-11.52.15.jpeg","width":1600,"height":1066,"caption":"portabasti"},{"@type":"BreadcrumbList","@id":"https:\/\/iconico.uy\/index.php\/producto\/portabastidor\/#breadcrumb","itemListElement":[{"@type":"ListItem","position":1,"name":"Portada","item":"https:\/\/iconico.uy\/"},{"@type":"ListItem","position":2,"name":"Tienda","item":"https:\/\/iconico.uy\/index.php\/tienda\/"},{"@type":"ListItem","position":3,"name":"Portabastidor"}]},{"@type":"WebSite","@id":"https:\/\/iconico.uy\/#website","url":"https:\/\/iconico.uy\/","name":"Ic\u00f3nico Home&Deco y Servicios","description":"Tienda de productos de artesan\u00eda, decoraci\u00f3n, de variado inter\u00e9s y de servicios para el hogar","publisher":{"@id":"https:\/\/iconico.uy\/#organization"},"alternateName":"Ic\u00f3nico byUy","potentialAction":[{"@type":"SearchAction","target":{"@type":"EntryPoint","urlTemplate":"https:\/\/iconico.uy\/?s={search_term_string}"},"query-input":{"@type":"PropertyValueSpecification","valueRequired":true,"valueName":"search_term_string"}}],"inLanguage":"es"},{"@type":"Organization","@id":"https:\/\/iconico.uy\/#organization","name":"Ic\u00f3nico by Uy","url":"https:\/\/iconico.uy\/","logo":{"@type":"ImageObject","inLanguage":"es","@id":"https:\/\/iconico.uy\/#\/schema\/logo\/image\/","url":"https:\/\/iconico.uy\/wp-content\/uploads\/2025\/03\/Logo-P3-iconico.png","contentUrl":"https:\/\/iconico.uy\/wp-content\/uploads\/2025\/03\/Logo-P3-iconico.png","width":1708,"height":560,"caption":"Ic\u00f3nico by Uy"},"image":{"@id":"https:\/\/iconico.uy\/#\/schema\/logo\/image\/"},"sameAs":["https:\/\/www.instagram.com\/iconicouy"]}]}},"jetpack_publicize_connections":[],"jetpack_sharing_enabled":true,"_links":{"self":[{"href":"https:\/\/iconico.uy\/index.php\/wp-json\/wp\/v2\/product\/55","targetHints":{"allow":["GET"]}}],"collection":[{"href":"https:\/\/iconico.uy\/index.php\/wp-json\/wp\/v2\/product"}],"about":[{"href":"https:\/\/iconico.uy\/index.php\/wp-json\/wp\/v2\/types\/product"}],"replies":[{"embeddable":true,"href":"https:\/\/iconico.uy\/index.php\/wp-json\/wp\/v2\/comments?post=55"}],"wp:featuredmedia":[{"embeddable":true,"href":"https:\/\/iconico.uy\/index.php\/wp-json\/wp\/v2\/media\/56"}],"wp:attachment":[{"href":"https:\/\/iconico.uy\/index.php\/wp-json\/wp\/v2\/media?parent=55"}],"wp:term":[{"taxonomy":"product_brand","embeddable":true,"href":"https:\/\/iconico.uy\/index.php\/wp-json\/wp\/v2\/product_brand?post=55"},{"taxonomy":"product_cat","embeddable":true,"href":"https:\/\/iconico.uy\/index.php\/wp-json\/wp\/v2\/product_cat?post=55"},{"taxonomy":"product_tag","embeddable":true,"href":"https:\/\/iconico.uy\/index.php\/wp-json\/wp\/v2\/product_tag?post=55"}],"curies":[{"name":"wp","href":"https:\/\/api.w.org\/{rel}","templated":true}]}}