{"id":154,"date":"2025-07-29T10:13:54","date_gmt":"2025-07-29T13:13:54","guid":{"rendered":"https:\/\/iconico.uy\/?post_type=product&#038;p=154"},"modified":"2026-02-17T16:33:53","modified_gmt":"2026-02-17T19:33:53","slug":"jenga-en-madera","status":"publish","type":"product","link":"https:\/\/iconico.uy\/index.php\/producto\/jenga-en-madera\/","title":{"rendered":"Jenga en madera"},"content":{"rendered":"<p data-start=\"359\" data-end=\"580\">Este juego de bloques en madera dura reinterpreta el cl\u00e1sico \u201cJenga\u201d con un giro desafiante: sus piezas m\u00e1s peque\u00f1as exigen precisi\u00f3n y atenci\u00f3n, convirti\u00e9ndolo en el favorito de quienes buscan poner a prueba su destreza.<\/p>\n<p data-start=\"582\" data-end=\"918\">M\u00e1s que un juego, es una experiencia l\u00fadica y de calidad, que invita a la familia a reunirse, compartir y disfrutar sin pantallas de por medio. Ideal para unir generaciones, fomenta la motricidad fina, el pensamiento estrat\u00e9gico, la paciencia y el manejo emocional, convirtiendo cada partida en una oportunidad para aprender y conectar.<\/p>\n<p data-start=\"920\" data-end=\"1122\">Dise\u00f1ado en madera dura cuidadosamente trabajada, es resistente, c\u00e1lido y duradero. Perfecto para tardes de juego en familia, encuentros con amigos o como regalo original que se disfruta una y otra vez.<\/p>\n","protected":false},"excerpt":{"rendered":"<p>Juego de bloques en madera dura, estilo \u201cJenga\u201d, con piezas m\u00e1s peque\u00f1as para un desaf\u00edo mayor. Une a la familia en un juego que desarrolla habilidades y conecta generaciones. Diversi\u00f3n sin pantallas.<\/p>\n","protected":false},"featured_media":147,"comment_status":"open","ping_status":"closed","template":"","meta":{"_et_pb_use_builder":"on","_et_pb_old_content":"<p data-start=\"359\" data-end=\"580\">Este juego de bloques en madera dura reinterpreta el cl\u00e1sico \u201cJenga\u201d con un giro desafiante: sus piezas m\u00e1s peque\u00f1as exigen precisi\u00f3n y atenci\u00f3n, convirti\u00e9ndolo en el favorito de quienes buscan poner a prueba su destreza.<\/p>\r\n<p data-start=\"582\" data-end=\"918\">M\u00e1s que un juego, es una experiencia l\u00fadica y de calidad, que invita a la familia a reunirse, compartir y disfrutar sin pantallas de por medio. Ideal para unir generaciones, fomenta la motricidad fina, el pensamiento estrat\u00e9gico, la paciencia y el manejo emocional, convirtiendo cada partida en una oportunidad para aprender y conectar.<\/p>\r\n<p data-start=\"920\" data-end=\"1122\">Dise\u00f1ado en madera dura cuidadosamente trabajada, es resistente, c\u00e1lido y duradero. Perfecto para tardes de juego en familia, encuentros con amigos o como regalo original que se disfruta una y otra vez.<\/p>","_et_gb_content_width":"","jetpack_publicize_message":"","jetpack_publicize_feature_enabled":true,"jetpack_social_post_already_shared":false,"jetpack_social_options":{"image_generator_settings":{"template":"highway","default_image_id":0,"font":"","enabled":false},"version":2}},"product_brand":[21],"product_cat":[22],"product_tag":[],"class_list":{"0":"post-154","1":"product","2":"type-product","3":"status-publish","4":"has-post-thumbnail","6":"product_brand-recrea","7":"product_cat-productos-recrea","9":"first","10":"instock","11":"shipping-taxable","12":"purchasable","13":"product-type-simple"},"yoast_head":"<!-- This site is optimized with the Yoast SEO plugin v27.1.1 - https:\/\/yoast.com\/product\/yoast-seo-wordpress\/ -->\n<title>Ic\u00f3nico Tienda de productos y Servivios<\/title>\n<meta name=\"description\" content=\"Juego de bloques en madera dura, estilo \u201cJenga\u201d, con piezas m\u00e1s peque\u00f1as para un desaf\u00edo mayor. Une a la familia en un juego, diversi\u00f3n sin pantallas.\" \/>\n<meta name=\"robots\" content=\"index, follow, max-snippet:-1, max-image-preview:large, max-video-preview:-1\" \/>\n<link rel=\"canonical\" href=\"https:\/\/iconico.uy\/index.php\/producto\/jenga-en-madera\/\" \/>\n<meta property=\"og:locale\" content=\"es_ES\" \/>\n<meta property=\"og:type\" content=\"article\" \/>\n<meta property=\"og:title\" content=\"Ic\u00f3nico Tienda de productos y Servivios\" \/>\n<meta property=\"og:description\" content=\"Juego de bloques en madera dura, estilo \u201cJenga\u201d, con piezas m\u00e1s peque\u00f1as para un desaf\u00edo mayor. Une a la familia en un juego, diversi\u00f3n sin pantallas.\" \/>\n<meta property=\"og:url\" content=\"https:\/\/iconico.uy\/index.php\/producto\/jenga-en-madera\/\" \/>\n<meta property=\"og:site_name\" content=\"Ic\u00f3nico Tienda de productos y Servivios\" \/>\n<meta property=\"article:modified_time\" content=\"2026-02-17T19:33:53+00:00\" \/>\n<meta property=\"og:image\" content=\"https:\/\/iconico.uy\/wp-content\/uploads\/2025\/07\/Jenga-Mini-Experto.jpg\" \/>\n\t<meta property=\"og:image:width\" content=\"1080\" \/>\n\t<meta property=\"og:image:height\" content=\"810\" \/>\n\t<meta property=\"og:image:type\" content=\"image\/jpeg\" \/>\n<meta name=\"twitter:card\" content=\"summary_large_image\" \/>\n<meta name=\"twitter:label1\" content=\"Tiempo de lectura\" \/>\n\t<meta name=\"twitter:data1\" content=\"1 minuto\" \/>\n<script type=\"application\/ld+json\" class=\"yoast-schema-graph\">{\"@context\":\"https:\/\/schema.org\",\"@graph\":[{\"@type\":\"WebPage\",\"@id\":\"https:\/\/iconico.uy\/index.php\/producto\/jenga-en-madera\/\",\"url\":\"https:\/\/iconico.uy\/index.php\/producto\/jenga-en-madera\/\",\"name\":\"Ic\u00f3nico Tienda de productos y Servivios\",\"isPartOf\":{\"@id\":\"https:\/\/iconico.uy\/#website\"},\"primaryImageOfPage\":{\"@id\":\"https:\/\/iconico.uy\/index.php\/producto\/jenga-en-madera\/#primaryimage\"},\"image\":{\"@id\":\"https:\/\/iconico.uy\/index.php\/producto\/jenga-en-madera\/#primaryimage\"},\"thumbnailUrl\":\"https:\/\/iconico.uy\/wp-content\/uploads\/2025\/07\/Jenga-Mini-Experto.jpg\",\"datePublished\":\"2025-07-29T13:13:54+00:00\",\"dateModified\":\"2026-02-17T19:33:53+00:00\",\"description\":\"Juego de bloques en madera dura, estilo \u201cJenga\u201d, con piezas m\u00e1s peque\u00f1as para un desaf\u00edo mayor. Une a la familia en un juego, diversi\u00f3n sin pantallas.\",\"breadcrumb\":{\"@id\":\"https:\/\/iconico.uy\/index.php\/producto\/jenga-en-madera\/#breadcrumb\"},\"inLanguage\":\"es\",\"potentialAction\":[{\"@type\":\"ReadAction\",\"target\":[\"https:\/\/iconico.uy\/index.php\/producto\/jenga-en-madera\/\"]}]},{\"@type\":\"ImageObject\",\"inLanguage\":\"es\",\"@id\":\"https:\/\/iconico.uy\/index.php\/producto\/jenga-en-madera\/#primaryimage\",\"url\":\"https:\/\/iconico.uy\/wp-content\/uploads\/2025\/07\/Jenga-Mini-Experto.jpg\",\"contentUrl\":\"https:\/\/iconico.uy\/wp-content\/uploads\/2025\/07\/Jenga-Mini-Experto.jpg\",\"width\":1080,\"height\":810,\"caption\":\"Jenga en madera\"},{\"@type\":\"BreadcrumbList\",\"@id\":\"https:\/\/iconico.uy\/index.php\/producto\/jenga-en-madera\/#breadcrumb\",\"itemListElement\":[{\"@type\":\"ListItem\",\"position\":1,\"name\":\"Portada\",\"item\":\"https:\/\/iconico.uy\/\"},{\"@type\":\"ListItem\",\"position\":2,\"name\":\"Tienda\",\"item\":\"https:\/\/iconico.uy\/index.php\/tienda\/\"},{\"@type\":\"ListItem\",\"position\":3,\"name\":\"Jenga en madera\"}]},{\"@type\":\"WebSite\",\"@id\":\"https:\/\/iconico.uy\/#website\",\"url\":\"https:\/\/iconico.uy\/\",\"name\":\"Ic\u00f3nico Home&Deco y Servicios\",\"description\":\"Tienda de productos de artesan\u00eda, decoraci\u00f3n, de variado inter\u00e9s y de servicios para el hogar\",\"publisher\":{\"@id\":\"https:\/\/iconico.uy\/#organization\"},\"alternateName\":\"Ic\u00f3nico byUy\",\"potentialAction\":[{\"@type\":\"SearchAction\",\"target\":{\"@type\":\"EntryPoint\",\"urlTemplate\":\"https:\/\/iconico.uy\/?s={search_term_string}\"},\"query-input\":{\"@type\":\"PropertyValueSpecification\",\"valueRequired\":true,\"valueName\":\"search_term_string\"}}],\"inLanguage\":\"es\"},{\"@type\":\"Organization\",\"@id\":\"https:\/\/iconico.uy\/#organization\",\"name\":\"Ic\u00f3nico by Uy\",\"url\":\"https:\/\/iconico.uy\/\",\"logo\":{\"@type\":\"ImageObject\",\"inLanguage\":\"es\",\"@id\":\"https:\/\/iconico.uy\/#\/schema\/logo\/image\/\",\"url\":\"https:\/\/iconico.uy\/wp-content\/uploads\/2025\/03\/Logo-P3-iconico.png\",\"contentUrl\":\"https:\/\/iconico.uy\/wp-content\/uploads\/2025\/03\/Logo-P3-iconico.png\",\"width\":1708,\"height\":560,\"caption\":\"Ic\u00f3nico by Uy\"},\"image\":{\"@id\":\"https:\/\/iconico.uy\/#\/schema\/logo\/image\/\"},\"sameAs\":[\"https:\/\/www.instagram.com\/iconicouy\"]}]}<\/script>\n<!-- \/ Yoast SEO plugin. -->","yoast_head_json":{"title":"Ic\u00f3nico Tienda de productos y Servivios","description":"Juego de bloques en madera dura, estilo \u201cJenga\u201d, con piezas m\u00e1s peque\u00f1as para un desaf\u00edo mayor. Une a la familia en un juego, diversi\u00f3n sin pantallas.","robots":{"index":"index","follow":"follow","max-snippet":"max-snippet:-1","max-image-preview":"max-image-preview:large","max-video-preview":"max-video-preview:-1"},"canonical":"https:\/\/iconico.uy\/index.php\/producto\/jenga-en-madera\/","og_locale":"es_ES","og_type":"article","og_title":"Ic\u00f3nico Tienda de productos y Servivios","og_description":"Juego de bloques en madera dura, estilo \u201cJenga\u201d, con piezas m\u00e1s peque\u00f1as para un desaf\u00edo mayor. Une a la familia en un juego, diversi\u00f3n sin pantallas.","og_url":"https:\/\/iconico.uy\/index.php\/producto\/jenga-en-madera\/","og_site_name":"Ic\u00f3nico Tienda de productos y Servivios","article_modified_time":"2026-02-17T19:33:53+00:00","og_image":[{"width":1080,"height":810,"url":"https:\/\/iconico.uy\/wp-content\/uploads\/2025\/07\/Jenga-Mini-Experto.jpg","type":"image\/jpeg"}],"twitter_card":"summary_large_image","twitter_misc":{"Tiempo de lectura":"1 minuto"},"schema":{"@context":"https:\/\/schema.org","@graph":[{"@type":"WebPage","@id":"https:\/\/iconico.uy\/index.php\/producto\/jenga-en-madera\/","url":"https:\/\/iconico.uy\/index.php\/producto\/jenga-en-madera\/","name":"Ic\u00f3nico Tienda de productos y Servivios","isPartOf":{"@id":"https:\/\/iconico.uy\/#website"},"primaryImageOfPage":{"@id":"https:\/\/iconico.uy\/index.php\/producto\/jenga-en-madera\/#primaryimage"},"image":{"@id":"https:\/\/iconico.uy\/index.php\/producto\/jenga-en-madera\/#primaryimage"},"thumbnailUrl":"https:\/\/iconico.uy\/wp-content\/uploads\/2025\/07\/Jenga-Mini-Experto.jpg","datePublished":"2025-07-29T13:13:54+00:00","dateModified":"2026-02-17T19:33:53+00:00","description":"Juego de bloques en madera dura, estilo \u201cJenga\u201d, con piezas m\u00e1s peque\u00f1as para un desaf\u00edo mayor. Une a la familia en un juego, diversi\u00f3n sin pantallas.","breadcrumb":{"@id":"https:\/\/iconico.uy\/index.php\/producto\/jenga-en-madera\/#breadcrumb"},"inLanguage":"es","potentialAction":[{"@type":"ReadAction","target":["https:\/\/iconico.uy\/index.php\/producto\/jenga-en-madera\/"]}]},{"@type":"ImageObject","inLanguage":"es","@id":"https:\/\/iconico.uy\/index.php\/producto\/jenga-en-madera\/#primaryimage","url":"https:\/\/iconico.uy\/wp-content\/uploads\/2025\/07\/Jenga-Mini-Experto.jpg","contentUrl":"https:\/\/iconico.uy\/wp-content\/uploads\/2025\/07\/Jenga-Mini-Experto.jpg","width":1080,"height":810,"caption":"Jenga en madera"},{"@type":"BreadcrumbList","@id":"https:\/\/iconico.uy\/index.php\/producto\/jenga-en-madera\/#breadcrumb","itemListElement":[{"@type":"ListItem","position":1,"name":"Portada","item":"https:\/\/iconico.uy\/"},{"@type":"ListItem","position":2,"name":"Tienda","item":"https:\/\/iconico.uy\/index.php\/tienda\/"},{"@type":"ListItem","position":3,"name":"Jenga en madera"}]},{"@type":"WebSite","@id":"https:\/\/iconico.uy\/#website","url":"https:\/\/iconico.uy\/","name":"Ic\u00f3nico Home&Deco y Servicios","description":"Tienda de productos de artesan\u00eda, decoraci\u00f3n, de variado inter\u00e9s y de servicios para el hogar","publisher":{"@id":"https:\/\/iconico.uy\/#organization"},"alternateName":"Ic\u00f3nico byUy","potentialAction":[{"@type":"SearchAction","target":{"@type":"EntryPoint","urlTemplate":"https:\/\/iconico.uy\/?s={search_term_string}"},"query-input":{"@type":"PropertyValueSpecification","valueRequired":true,"valueName":"search_term_string"}}],"inLanguage":"es"},{"@type":"Organization","@id":"https:\/\/iconico.uy\/#organization","name":"Ic\u00f3nico by Uy","url":"https:\/\/iconico.uy\/","logo":{"@type":"ImageObject","inLanguage":"es","@id":"https:\/\/iconico.uy\/#\/schema\/logo\/image\/","url":"https:\/\/iconico.uy\/wp-content\/uploads\/2025\/03\/Logo-P3-iconico.png","contentUrl":"https:\/\/iconico.uy\/wp-content\/uploads\/2025\/03\/Logo-P3-iconico.png","width":1708,"height":560,"caption":"Ic\u00f3nico by Uy"},"image":{"@id":"https:\/\/iconico.uy\/#\/schema\/logo\/image\/"},"sameAs":["https:\/\/www.instagram.com\/iconicouy"]}]}},"jetpack_publicize_connections":[],"jetpack_sharing_enabled":true,"_links":{"self":[{"href":"https:\/\/iconico.uy\/index.php\/wp-json\/wp\/v2\/product\/154","targetHints":{"allow":["GET"]}}],"collection":[{"href":"https:\/\/iconico.uy\/index.php\/wp-json\/wp\/v2\/product"}],"about":[{"href":"https:\/\/iconico.uy\/index.php\/wp-json\/wp\/v2\/types\/product"}],"replies":[{"embeddable":true,"href":"https:\/\/iconico.uy\/index.php\/wp-json\/wp\/v2\/comments?post=154"}],"wp:featuredmedia":[{"embeddable":true,"href":"https:\/\/iconico.uy\/index.php\/wp-json\/wp\/v2\/media\/147"}],"wp:attachment":[{"href":"https:\/\/iconico.uy\/index.php\/wp-json\/wp\/v2\/media?parent=154"}],"wp:term":[{"taxonomy":"product_brand","embeddable":true,"href":"https:\/\/iconico.uy\/index.php\/wp-json\/wp\/v2\/product_brand?post=154"},{"taxonomy":"product_cat","embeddable":true,"href":"https:\/\/iconico.uy\/index.php\/wp-json\/wp\/v2\/product_cat?post=154"},{"taxonomy":"product_tag","embeddable":true,"href":"https:\/\/iconico.uy\/index.php\/wp-json\/wp\/v2\/product_tag?post=154"}],"curies":[{"name":"wp","href":"https:\/\/api.w.org\/{rel}","templated":true}]}}