{"id":153,"date":"2025-07-29T09:54:46","date_gmt":"2025-07-29T12:54:46","guid":{"rendered":"https:\/\/iconico.uy\/?post_type=product&#038;p=153"},"modified":"2026-02-18T19:45:46","modified_gmt":"2026-02-18T22:45:46","slug":"organizador-de-madera","status":"publish","type":"product","link":"https:\/\/iconico.uy\/index.php\/producto\/organizador-de-madera\/","title":{"rendered":"Organizador de madera"},"content":{"rendered":"<p data-start=\"344\" data-end=\"621\">Este organizador de madera curada es mucho m\u00e1s que una mini repisa: es una pieza pensada para aportar orden, calidez y estilo a cualquier rinc\u00f3n del hogar. Su dise\u00f1o simple y tradicional, con l\u00edneas limpias y esencia c\u00e1lida, combina funcionalidad y est\u00e9tica de forma armoniosa.<\/p>\n<p data-start=\"623\" data-end=\"900\">Perfecto para guardar desde libros hasta peque\u00f1os objetos del d\u00eda a d\u00eda, este organizador ayuda a mantener el espacio despejado, ya sea en un escritorio, una mesa auxiliar o una repisa. Su presencia inspira tranquilidad y agrega un toque decorativo sutil pero con personalidad.<\/p>\n<p data-start=\"902\" data-end=\"1158\">Dirigido a quienes valoran los objetos bien hechos, \u00fatiles y con alma, es una soluci\u00f3n pr\u00e1ctica para la vida cotidiana, ideal tanto para regalar como para regalarse. Un objeto \u00fanico, que se disfruta cada d\u00eda, aportando belleza y orden con identidad propia.<\/p>\n","protected":false},"excerpt":{"rendered":"<p>Organizador de madera curada, ideal para libros y peque\u00f1os objetos. Estilo tradicional, c\u00e1lido y simple. \u00datil, decorativo e inspirador: perfecto para cualquier rinc\u00f3n o escritorio. Para regalar o regalarse.<\/p>\n","protected":false},"featured_media":149,"comment_status":"open","ping_status":"closed","template":"","meta":{"_et_pb_use_builder":"","_et_pb_old_content":"","_et_gb_content_width":"","jetpack_publicize_message":"","jetpack_publicize_feature_enabled":true,"jetpack_social_post_already_shared":false,"jetpack_social_options":{"image_generator_settings":{"template":"highway","default_image_id":0,"font":"","enabled":false},"version":2}},"product_brand":[20],"product_cat":[22],"product_tag":[],"class_list":{"0":"post-153","1":"product","2":"type-product","3":"status-publish","4":"has-post-thumbnail","6":"product_brand-by-malu","7":"product_cat-productos-recrea","9":"first","10":"instock","11":"sale","12":"shipping-taxable","13":"purchasable","14":"product-type-simple"},"yoast_head":"<!-- This site is optimized with the Yoast SEO plugin v27.1.1 - https:\/\/yoast.com\/product\/yoast-seo-wordpress\/ -->\n<title>Ic\u00f3nico Tienda de productos y Servivios<\/title>\n<meta name=\"description\" content=\"Organizador de madera curada, ideal para libros y peque\u00f1os objetos. Estilo tradicional, c\u00e1lido y simple. \u00datil, decorativo e inspirador para cualquier rinc\u00f3n\" \/>\n<meta name=\"robots\" content=\"index, follow, max-snippet:-1, max-image-preview:large, max-video-preview:-1\" \/>\n<link rel=\"canonical\" href=\"https:\/\/iconico.uy\/index.php\/producto\/organizador-de-madera\/\" \/>\n<meta property=\"og:locale\" content=\"es_ES\" \/>\n<meta property=\"og:type\" content=\"article\" \/>\n<meta property=\"og:title\" content=\"Ic\u00f3nico Tienda de productos y Servivios\" \/>\n<meta property=\"og:description\" content=\"Organizador de madera curada, ideal para libros y peque\u00f1os objetos. Estilo tradicional, c\u00e1lido y simple. \u00datil, decorativo e inspirador para cualquier rinc\u00f3n\" \/>\n<meta property=\"og:url\" content=\"https:\/\/iconico.uy\/index.php\/producto\/organizador-de-madera\/\" \/>\n<meta property=\"og:site_name\" content=\"Ic\u00f3nico Tienda de productos y Servivios\" \/>\n<meta property=\"article:modified_time\" content=\"2026-02-18T22:45:46+00:00\" \/>\n<meta property=\"og:image\" content=\"https:\/\/iconico.uy\/wp-content\/uploads\/2025\/07\/Organizador-Mini-repisa.jpg\" \/>\n\t<meta property=\"og:image:width\" content=\"1080\" \/>\n\t<meta property=\"og:image:height\" content=\"810\" \/>\n\t<meta property=\"og:image:type\" content=\"image\/jpeg\" \/>\n<meta name=\"twitter:card\" content=\"summary_large_image\" \/>\n<meta name=\"twitter:label1\" content=\"Tiempo de lectura\" \/>\n\t<meta name=\"twitter:data1\" content=\"1 minuto\" \/>\n<script type=\"application\/ld+json\" class=\"yoast-schema-graph\">{\"@context\":\"https:\/\/schema.org\",\"@graph\":[{\"@type\":\"WebPage\",\"@id\":\"https:\/\/iconico.uy\/index.php\/producto\/organizador-de-madera\/\",\"url\":\"https:\/\/iconico.uy\/index.php\/producto\/organizador-de-madera\/\",\"name\":\"Ic\u00f3nico Tienda de productos y Servivios\",\"isPartOf\":{\"@id\":\"https:\/\/iconico.uy\/#website\"},\"primaryImageOfPage\":{\"@id\":\"https:\/\/iconico.uy\/index.php\/producto\/organizador-de-madera\/#primaryimage\"},\"image\":{\"@id\":\"https:\/\/iconico.uy\/index.php\/producto\/organizador-de-madera\/#primaryimage\"},\"thumbnailUrl\":\"https:\/\/iconico.uy\/wp-content\/uploads\/2025\/07\/Organizador-Mini-repisa.jpg\",\"datePublished\":\"2025-07-29T12:54:46+00:00\",\"dateModified\":\"2026-02-18T22:45:46+00:00\",\"description\":\"Organizador de madera curada, ideal para libros y peque\u00f1os objetos. Estilo tradicional, c\u00e1lido y simple. \u00datil, decorativo e inspirador para cualquier rinc\u00f3n\",\"breadcrumb\":{\"@id\":\"https:\/\/iconico.uy\/index.php\/producto\/organizador-de-madera\/#breadcrumb\"},\"inLanguage\":\"es\",\"potentialAction\":[{\"@type\":\"ReadAction\",\"target\":[\"https:\/\/iconico.uy\/index.php\/producto\/organizador-de-madera\/\"]}]},{\"@type\":\"ImageObject\",\"inLanguage\":\"es\",\"@id\":\"https:\/\/iconico.uy\/index.php\/producto\/organizador-de-madera\/#primaryimage\",\"url\":\"https:\/\/iconico.uy\/wp-content\/uploads\/2025\/07\/Organizador-Mini-repisa.jpg\",\"contentUrl\":\"https:\/\/iconico.uy\/wp-content\/uploads\/2025\/07\/Organizador-Mini-repisa.jpg\",\"width\":1080,\"height\":810,\"caption\":\"organizador de madera\"},{\"@type\":\"BreadcrumbList\",\"@id\":\"https:\/\/iconico.uy\/index.php\/producto\/organizador-de-madera\/#breadcrumb\",\"itemListElement\":[{\"@type\":\"ListItem\",\"position\":1,\"name\":\"Portada\",\"item\":\"https:\/\/iconico.uy\/\"},{\"@type\":\"ListItem\",\"position\":2,\"name\":\"Tienda\",\"item\":\"https:\/\/iconico.uy\/index.php\/tienda\/\"},{\"@type\":\"ListItem\",\"position\":3,\"name\":\"Organizador de madera\"}]},{\"@type\":\"WebSite\",\"@id\":\"https:\/\/iconico.uy\/#website\",\"url\":\"https:\/\/iconico.uy\/\",\"name\":\"Ic\u00f3nico Home&Deco y Servicios\",\"description\":\"Tienda de productos de artesan\u00eda, decoraci\u00f3n, de variado inter\u00e9s y de servicios para el hogar\",\"publisher\":{\"@id\":\"https:\/\/iconico.uy\/#organization\"},\"alternateName\":\"Ic\u00f3nico byUy\",\"potentialAction\":[{\"@type\":\"SearchAction\",\"target\":{\"@type\":\"EntryPoint\",\"urlTemplate\":\"https:\/\/iconico.uy\/?s={search_term_string}\"},\"query-input\":{\"@type\":\"PropertyValueSpecification\",\"valueRequired\":true,\"valueName\":\"search_term_string\"}}],\"inLanguage\":\"es\"},{\"@type\":\"Organization\",\"@id\":\"https:\/\/iconico.uy\/#organization\",\"name\":\"Ic\u00f3nico by Uy\",\"url\":\"https:\/\/iconico.uy\/\",\"logo\":{\"@type\":\"ImageObject\",\"inLanguage\":\"es\",\"@id\":\"https:\/\/iconico.uy\/#\/schema\/logo\/image\/\",\"url\":\"https:\/\/iconico.uy\/wp-content\/uploads\/2025\/03\/Logo-P3-iconico.png\",\"contentUrl\":\"https:\/\/iconico.uy\/wp-content\/uploads\/2025\/03\/Logo-P3-iconico.png\",\"width\":1708,\"height\":560,\"caption\":\"Ic\u00f3nico by Uy\"},\"image\":{\"@id\":\"https:\/\/iconico.uy\/#\/schema\/logo\/image\/\"},\"sameAs\":[\"https:\/\/www.instagram.com\/iconicouy\"]}]}<\/script>\n<!-- \/ Yoast SEO plugin. -->","yoast_head_json":{"title":"Ic\u00f3nico Tienda de productos y Servivios","description":"Organizador de madera curada, ideal para libros y peque\u00f1os objetos. Estilo tradicional, c\u00e1lido y simple. \u00datil, decorativo e inspirador para cualquier rinc\u00f3n","robots":{"index":"index","follow":"follow","max-snippet":"max-snippet:-1","max-image-preview":"max-image-preview:large","max-video-preview":"max-video-preview:-1"},"canonical":"https:\/\/iconico.uy\/index.php\/producto\/organizador-de-madera\/","og_locale":"es_ES","og_type":"article","og_title":"Ic\u00f3nico Tienda de productos y Servivios","og_description":"Organizador de madera curada, ideal para libros y peque\u00f1os objetos. Estilo tradicional, c\u00e1lido y simple. \u00datil, decorativo e inspirador para cualquier rinc\u00f3n","og_url":"https:\/\/iconico.uy\/index.php\/producto\/organizador-de-madera\/","og_site_name":"Ic\u00f3nico Tienda de productos y Servivios","article_modified_time":"2026-02-18T22:45:46+00:00","og_image":[{"width":1080,"height":810,"url":"https:\/\/iconico.uy\/wp-content\/uploads\/2025\/07\/Organizador-Mini-repisa.jpg","type":"image\/jpeg"}],"twitter_card":"summary_large_image","twitter_misc":{"Tiempo de lectura":"1 minuto"},"schema":{"@context":"https:\/\/schema.org","@graph":[{"@type":"WebPage","@id":"https:\/\/iconico.uy\/index.php\/producto\/organizador-de-madera\/","url":"https:\/\/iconico.uy\/index.php\/producto\/organizador-de-madera\/","name":"Ic\u00f3nico Tienda de productos y Servivios","isPartOf":{"@id":"https:\/\/iconico.uy\/#website"},"primaryImageOfPage":{"@id":"https:\/\/iconico.uy\/index.php\/producto\/organizador-de-madera\/#primaryimage"},"image":{"@id":"https:\/\/iconico.uy\/index.php\/producto\/organizador-de-madera\/#primaryimage"},"thumbnailUrl":"https:\/\/iconico.uy\/wp-content\/uploads\/2025\/07\/Organizador-Mini-repisa.jpg","datePublished":"2025-07-29T12:54:46+00:00","dateModified":"2026-02-18T22:45:46+00:00","description":"Organizador de madera curada, ideal para libros y peque\u00f1os objetos. Estilo tradicional, c\u00e1lido y simple. \u00datil, decorativo e inspirador para cualquier rinc\u00f3n","breadcrumb":{"@id":"https:\/\/iconico.uy\/index.php\/producto\/organizador-de-madera\/#breadcrumb"},"inLanguage":"es","potentialAction":[{"@type":"ReadAction","target":["https:\/\/iconico.uy\/index.php\/producto\/organizador-de-madera\/"]}]},{"@type":"ImageObject","inLanguage":"es","@id":"https:\/\/iconico.uy\/index.php\/producto\/organizador-de-madera\/#primaryimage","url":"https:\/\/iconico.uy\/wp-content\/uploads\/2025\/07\/Organizador-Mini-repisa.jpg","contentUrl":"https:\/\/iconico.uy\/wp-content\/uploads\/2025\/07\/Organizador-Mini-repisa.jpg","width":1080,"height":810,"caption":"organizador de madera"},{"@type":"BreadcrumbList","@id":"https:\/\/iconico.uy\/index.php\/producto\/organizador-de-madera\/#breadcrumb","itemListElement":[{"@type":"ListItem","position":1,"name":"Portada","item":"https:\/\/iconico.uy\/"},{"@type":"ListItem","position":2,"name":"Tienda","item":"https:\/\/iconico.uy\/index.php\/tienda\/"},{"@type":"ListItem","position":3,"name":"Organizador de madera"}]},{"@type":"WebSite","@id":"https:\/\/iconico.uy\/#website","url":"https:\/\/iconico.uy\/","name":"Ic\u00f3nico Home&Deco y Servicios","description":"Tienda de productos de artesan\u00eda, decoraci\u00f3n, de variado inter\u00e9s y de servicios para el hogar","publisher":{"@id":"https:\/\/iconico.uy\/#organization"},"alternateName":"Ic\u00f3nico byUy","potentialAction":[{"@type":"SearchAction","target":{"@type":"EntryPoint","urlTemplate":"https:\/\/iconico.uy\/?s={search_term_string}"},"query-input":{"@type":"PropertyValueSpecification","valueRequired":true,"valueName":"search_term_string"}}],"inLanguage":"es"},{"@type":"Organization","@id":"https:\/\/iconico.uy\/#organization","name":"Ic\u00f3nico by Uy","url":"https:\/\/iconico.uy\/","logo":{"@type":"ImageObject","inLanguage":"es","@id":"https:\/\/iconico.uy\/#\/schema\/logo\/image\/","url":"https:\/\/iconico.uy\/wp-content\/uploads\/2025\/03\/Logo-P3-iconico.png","contentUrl":"https:\/\/iconico.uy\/wp-content\/uploads\/2025\/03\/Logo-P3-iconico.png","width":1708,"height":560,"caption":"Ic\u00f3nico by Uy"},"image":{"@id":"https:\/\/iconico.uy\/#\/schema\/logo\/image\/"},"sameAs":["https:\/\/www.instagram.com\/iconicouy"]}]}},"jetpack_publicize_connections":[],"jetpack_sharing_enabled":true,"_links":{"self":[{"href":"https:\/\/iconico.uy\/index.php\/wp-json\/wp\/v2\/product\/153","targetHints":{"allow":["GET"]}}],"collection":[{"href":"https:\/\/iconico.uy\/index.php\/wp-json\/wp\/v2\/product"}],"about":[{"href":"https:\/\/iconico.uy\/index.php\/wp-json\/wp\/v2\/types\/product"}],"replies":[{"embeddable":true,"href":"https:\/\/iconico.uy\/index.php\/wp-json\/wp\/v2\/comments?post=153"}],"wp:featuredmedia":[{"embeddable":true,"href":"https:\/\/iconico.uy\/index.php\/wp-json\/wp\/v2\/media\/149"}],"wp:attachment":[{"href":"https:\/\/iconico.uy\/index.php\/wp-json\/wp\/v2\/media?parent=153"}],"wp:term":[{"taxonomy":"product_brand","embeddable":true,"href":"https:\/\/iconico.uy\/index.php\/wp-json\/wp\/v2\/product_brand?post=153"},{"taxonomy":"product_cat","embeddable":true,"href":"https:\/\/iconico.uy\/index.php\/wp-json\/wp\/v2\/product_cat?post=153"},{"taxonomy":"product_tag","embeddable":true,"href":"https:\/\/iconico.uy\/index.php\/wp-json\/wp\/v2\/product_tag?post=153"}],"curies":[{"name":"wp","href":"https:\/\/api.w.org\/{rel}","templated":true}]}}