{"id":21,"date":"2025-03-06T21:47:30","date_gmt":"2025-03-06T21:47:30","guid":{"rendered":"https:\/\/iconico.uy\/?page_id=21"},"modified":"2025-03-06T22:13:39","modified_gmt":"2025-03-06T22:13:39","slug":"proximamente","status":"publish","type":"page","link":"https:\/\/iconico.uy\/index.php\/proximamente\/","title":{"rendered":"Proximamente"},"content":{"rendered":"<p>[et_pb_section fb_built=\u00bb1&#8243; admin_label=\u00bbsection\u00bb _builder_version=\u00bb4.16&#8243; global_colors_info=\u00bb{}\u00bb][et_pb_row _builder_version=\u00bb4.27.4&#8243; _module_preset=\u00bbdefault\u00bb hover_enabled=\u00bb0&#8243; sticky_enabled=\u00bb0&#8243;][et_pb_column _builder_version=\u00bb4.27.4&#8243; _module_preset=\u00bbdefault\u00bb type=\u00bb4_4&#8243;][et_pb_text _builder_version=\u00bb4.27.4&#8243; _module_preset=\u00bbdefault\u00bb text_font_size=\u00bb34px\u00bb hover_enabled=\u00bb0&#8243; sticky_enabled=\u00bb0&#8243;]<\/p>\n<p style=\"text-align: center;\">PROXIMAMENTE<\/p>\n<p>[\/et_pb_text][\/et_pb_column][\/et_pb_row][et_pb_row _builder_version=\u00bb4.27.4&#8243; _module_preset=\u00bbdefault\u00bb][et_pb_column _builder_version=\u00bb4.27.4&#8243; _module_preset=\u00bbdefault\u00bb type=\u00bb4_4&#8243;][et_pb_image src=\u00bbhttps:\/\/iconico.uy\/wp-content\/uploads\/2025\/03\/Logo-P3-iconico.png\u00bb _builder_version=\u00bb4.27.4&#8243; _module_preset=\u00bbdefault\u00bb alt=\u00bbLogo iconico\u00bb title_text=\u00bbLogo iconico\u00bb width=\u00bb73%\u00bb module_alignment=\u00bbcenter\u00bb hover_enabled=\u00bb0&#8243; sticky_enabled=\u00bb0&#8243;][\/et_pb_image][\/et_pb_column][\/et_pb_row][et_pb_row _builder_version=\u00bb4.27.4&#8243; _module_preset=\u00bbdefault\u00bb][et_pb_column _builder_version=\u00bb4.27.4&#8243; _module_preset=\u00bbdefault\u00bb type=\u00bb4_4&#8243;][et_pb_text _builder_version=\u00bb4.27.4&#8243; _module_preset=\u00bbdefault\u00bb hover_enabled=\u00bb0&#8243; sticky_enabled=\u00bb0&#8243; text_font_size=\u00bb30px\u00bb]<\/p>\n<p style=\"text-align: center;\">Encuentra\u00a0<\/p>\n<p style=\"text-align: center;\">lo que busc\u00e1s<\/p>\n<p>[\/et_pb_text][\/et_pb_column][\/et_pb_row][\/et_pb_section]<\/p>\n","protected":false},"excerpt":{"rendered":"<p>PROXIMAMENTEEncuentra\u00a0 lo que busc\u00e1s<\/p>\n","protected":false},"author":1,"featured_media":0,"parent":0,"menu_order":0,"comment_status":"closed","ping_status":"closed","template":"","meta":{"_et_pb_use_builder":"on","_et_pb_old_content":"<!-- wp:heading {\"textAlign\":\"center\",\"level\":1} -->\n<h1 class=\"wp-block-heading has-text-align-center\">Pr\u00f3ximamente<\/h1>\n<!-- \/wp:heading -->\n\n<!-- wp:paragraph {\"align\":\"center\",\"style\":{\"typography\":{\"fontSize\":\"30px\"}}} -->\n<p class=\"has-text-align-center\" style=\"font-size:30px\">Encontr\u00e1 lo que busc\u00e1s<\/p>\n<!-- \/wp:paragraph -->\n\n<!-- wp:image {\"id\":15,\"width\":\"753px\",\"height\":\"auto\",\"sizeSlug\":\"large\",\"linkDestination\":\"none\",\"align\":\"center\"} -->\n<figure class=\"wp-block-image aligncenter size-large is-resized\"><img src=\"https:\/\/iconico.uy\/wp-content\/uploads\/2025\/03\/Logo-P3-iconico-1024x336.png\" alt=\"Logo iconico\" class=\"wp-image-15\" style=\"width:753px;height:auto\"\/><\/figure>\n<!-- \/wp:image -->\n\n<!-- wp:paragraph {\"align\":\"center\",\"style\":{\"typography\":{\"fontSize\":\"40px\"}}} -->\n<p class=\"has-text-align-center\" style=\"font-size:40px\">Tienda de productos y Servicios<\/p>\n<!-- \/wp:paragraph -->","_et_gb_content_width":"1080","footnotes":""},"class_list":["post-21","page","type-page","status-publish","hentry"],"yoast_head":"<!-- This site is optimized with the Yoast SEO plugin v27.1.1 - https:\/\/yoast.com\/product\/yoast-seo-wordpress\/ -->\n<title>Ic\u00f3nico Tienda de productos y Servivios<\/title>\n<meta name=\"robots\" content=\"index, follow, max-snippet:-1, max-image-preview:large, max-video-preview:-1\" \/>\n<link rel=\"canonical\" href=\"https:\/\/iconico.uy\/index.php\/proximamente\/\" \/>\n<meta property=\"og:locale\" content=\"es_ES\" \/>\n<meta property=\"og:type\" content=\"article\" \/>\n<meta property=\"og:title\" content=\"Ic\u00f3nico Tienda de productos y Servivios\" \/>\n<meta property=\"og:description\" content=\"PROXIMAMENTEEncuentra\u00a0 lo que busc\u00e1s\" \/>\n<meta property=\"og:url\" content=\"https:\/\/iconico.uy\/index.php\/proximamente\/\" \/>\n<meta property=\"og:site_name\" content=\"Ic\u00f3nico Tienda de productos y Servivios\" \/>\n<meta property=\"article:modified_time\" content=\"2025-03-06T22:13:39+00:00\" \/>\n<meta name=\"twitter:card\" content=\"summary_large_image\" \/>\n<meta name=\"twitter:label1\" content=\"Tiempo de lectura\" \/>\n\t<meta name=\"twitter:data1\" content=\"1 minuto\" \/>\n<script type=\"application\/ld+json\" class=\"yoast-schema-graph\">{\"@context\":\"https:\/\/schema.org\",\"@graph\":[{\"@type\":\"WebPage\",\"@id\":\"https:\/\/iconico.uy\/index.php\/proximamente\/\",\"url\":\"https:\/\/iconico.uy\/index.php\/proximamente\/\",\"name\":\"Ic\u00f3nico Tienda de productos y Servivios\",\"isPartOf\":{\"@id\":\"https:\/\/iconico.uy\/#website\"},\"datePublished\":\"2025-03-06T21:47:30+00:00\",\"dateModified\":\"2025-03-06T22:13:39+00:00\",\"breadcrumb\":{\"@id\":\"https:\/\/iconico.uy\/index.php\/proximamente\/#breadcrumb\"},\"inLanguage\":\"es\",\"potentialAction\":[{\"@type\":\"ReadAction\",\"target\":[\"https:\/\/iconico.uy\/index.php\/proximamente\/\"]}]},{\"@type\":\"BreadcrumbList\",\"@id\":\"https:\/\/iconico.uy\/index.php\/proximamente\/#breadcrumb\",\"itemListElement\":[{\"@type\":\"ListItem\",\"position\":1,\"name\":\"Portada\",\"item\":\"https:\/\/iconico.uy\/\"},{\"@type\":\"ListItem\",\"position\":2,\"name\":\"Proximamente\"}]},{\"@type\":\"WebSite\",\"@id\":\"https:\/\/iconico.uy\/#website\",\"url\":\"https:\/\/iconico.uy\/\",\"name\":\"Ic\u00f3nico Home&Deco y Servicios\",\"description\":\"Tienda de productos de artesan\u00eda, decoraci\u00f3n, de variado inter\u00e9s y de servicios para el hogar\",\"publisher\":{\"@id\":\"https:\/\/iconico.uy\/#organization\"},\"alternateName\":\"Ic\u00f3nico byUy\",\"potentialAction\":[{\"@type\":\"SearchAction\",\"target\":{\"@type\":\"EntryPoint\",\"urlTemplate\":\"https:\/\/iconico.uy\/?s={search_term_string}\"},\"query-input\":{\"@type\":\"PropertyValueSpecification\",\"valueRequired\":true,\"valueName\":\"search_term_string\"}}],\"inLanguage\":\"es\"},{\"@type\":\"Organization\",\"@id\":\"https:\/\/iconico.uy\/#organization\",\"name\":\"Ic\u00f3nico by Uy\",\"url\":\"https:\/\/iconico.uy\/\",\"logo\":{\"@type\":\"ImageObject\",\"inLanguage\":\"es\",\"@id\":\"https:\/\/iconico.uy\/#\/schema\/logo\/image\/\",\"url\":\"https:\/\/iconico.uy\/wp-content\/uploads\/2025\/03\/Logo-P3-iconico.png\",\"contentUrl\":\"https:\/\/iconico.uy\/wp-content\/uploads\/2025\/03\/Logo-P3-iconico.png\",\"width\":1708,\"height\":560,\"caption\":\"Ic\u00f3nico by Uy\"},\"image\":{\"@id\":\"https:\/\/iconico.uy\/#\/schema\/logo\/image\/\"},\"sameAs\":[\"https:\/\/www.instagram.com\/iconicouy\"]}]}<\/script>\n<!-- \/ Yoast SEO plugin. -->","yoast_head_json":{"title":"Ic\u00f3nico Tienda de productos y Servivios","robots":{"index":"index","follow":"follow","max-snippet":"max-snippet:-1","max-image-preview":"max-image-preview:large","max-video-preview":"max-video-preview:-1"},"canonical":"https:\/\/iconico.uy\/index.php\/proximamente\/","og_locale":"es_ES","og_type":"article","og_title":"Ic\u00f3nico Tienda de productos y Servivios","og_description":"PROXIMAMENTEEncuentra\u00a0 lo que busc\u00e1s","og_url":"https:\/\/iconico.uy\/index.php\/proximamente\/","og_site_name":"Ic\u00f3nico Tienda de productos y Servivios","article_modified_time":"2025-03-06T22:13:39+00:00","twitter_card":"summary_large_image","twitter_misc":{"Tiempo de lectura":"1 minuto"},"schema":{"@context":"https:\/\/schema.org","@graph":[{"@type":"WebPage","@id":"https:\/\/iconico.uy\/index.php\/proximamente\/","url":"https:\/\/iconico.uy\/index.php\/proximamente\/","name":"Ic\u00f3nico Tienda de productos y Servivios","isPartOf":{"@id":"https:\/\/iconico.uy\/#website"},"datePublished":"2025-03-06T21:47:30+00:00","dateModified":"2025-03-06T22:13:39+00:00","breadcrumb":{"@id":"https:\/\/iconico.uy\/index.php\/proximamente\/#breadcrumb"},"inLanguage":"es","potentialAction":[{"@type":"ReadAction","target":["https:\/\/iconico.uy\/index.php\/proximamente\/"]}]},{"@type":"BreadcrumbList","@id":"https:\/\/iconico.uy\/index.php\/proximamente\/#breadcrumb","itemListElement":[{"@type":"ListItem","position":1,"name":"Portada","item":"https:\/\/iconico.uy\/"},{"@type":"ListItem","position":2,"name":"Proximamente"}]},{"@type":"WebSite","@id":"https:\/\/iconico.uy\/#website","url":"https:\/\/iconico.uy\/","name":"Ic\u00f3nico Home&Deco y Servicios","description":"Tienda de productos de artesan\u00eda, decoraci\u00f3n, de variado inter\u00e9s y de servicios para el hogar","publisher":{"@id":"https:\/\/iconico.uy\/#organization"},"alternateName":"Ic\u00f3nico byUy","potentialAction":[{"@type":"SearchAction","target":{"@type":"EntryPoint","urlTemplate":"https:\/\/iconico.uy\/?s={search_term_string}"},"query-input":{"@type":"PropertyValueSpecification","valueRequired":true,"valueName":"search_term_string"}}],"inLanguage":"es"},{"@type":"Organization","@id":"https:\/\/iconico.uy\/#organization","name":"Ic\u00f3nico by Uy","url":"https:\/\/iconico.uy\/","logo":{"@type":"ImageObject","inLanguage":"es","@id":"https:\/\/iconico.uy\/#\/schema\/logo\/image\/","url":"https:\/\/iconico.uy\/wp-content\/uploads\/2025\/03\/Logo-P3-iconico.png","contentUrl":"https:\/\/iconico.uy\/wp-content\/uploads\/2025\/03\/Logo-P3-iconico.png","width":1708,"height":560,"caption":"Ic\u00f3nico by Uy"},"image":{"@id":"https:\/\/iconico.uy\/#\/schema\/logo\/image\/"},"sameAs":["https:\/\/www.instagram.com\/iconicouy"]}]}},"jetpack_sharing_enabled":true,"_links":{"self":[{"href":"https:\/\/iconico.uy\/index.php\/wp-json\/wp\/v2\/pages\/21","targetHints":{"allow":["GET"]}}],"collection":[{"href":"https:\/\/iconico.uy\/index.php\/wp-json\/wp\/v2\/pages"}],"about":[{"href":"https:\/\/iconico.uy\/index.php\/wp-json\/wp\/v2\/types\/page"}],"author":[{"embeddable":true,"href":"https:\/\/iconico.uy\/index.php\/wp-json\/wp\/v2\/users\/1"}],"replies":[{"embeddable":true,"href":"https:\/\/iconico.uy\/index.php\/wp-json\/wp\/v2\/comments?post=21"}],"version-history":[{"count":4,"href":"https:\/\/iconico.uy\/index.php\/wp-json\/wp\/v2\/pages\/21\/revisions"}],"predecessor-version":[{"id":30,"href":"https:\/\/iconico.uy\/index.php\/wp-json\/wp\/v2\/pages\/21\/revisions\/30"}],"wp:attachment":[{"href":"https:\/\/iconico.uy\/index.php\/wp-json\/wp\/v2\/media?parent=21"}],"curies":[{"name":"wp","href":"https:\/\/api.w.org\/{rel}","templated":true}]}}